{"id":285,"date":"2025-01-07T22:19:57","date_gmt":"2025-01-07T21:19:57","guid":{"rendered":"https:\/\/igormoscicki.pl\/?page_id=285"},"modified":"2026-02-18T14:56:02","modified_gmt":"2026-02-18T13:56:02","slug":"new","status":"publish","type":"page","link":"https:\/\/igormoscicki.pl\/?page_id=285","title":{"rendered":"NEW"},"content":{"rendered":"\n<div class=\"wp-block-media-text is-stacked-on-mobile\"><figure class=\"wp-block-media-text__media\"><img loading=\"lazy\" decoding=\"async\" width=\"1024\" height=\"857\" src=\"http:\/\/igormoscicki.pl\/wp-content\/uploads\/2026\/02\/ATLAS-1-1024x857.jpg\" alt=\"\" class=\"wp-image-345 size-full\" srcset=\"https:\/\/igormoscicki.pl\/wp-content\/uploads\/2026\/02\/ATLAS-1-1024x857.jpg 1024w, https:\/\/igormoscicki.pl\/wp-content\/uploads\/2026\/02\/ATLAS-1-300x251.jpg 300w, https:\/\/igormoscicki.pl\/wp-content\/uploads\/2026\/02\/ATLAS-1-768x643.jpg 768w, https:\/\/igormoscicki.pl\/wp-content\/uploads\/2026\/02\/ATLAS-1.jpg 1307w\" sizes=\"auto, (max-width: 1024px) 100vw, 1024px\" \/><\/figure><div class=\"wp-block-media-text__content\">\n<p> A.T.L.A.S. (Always Tired, Living As Subject) , 50&#215;60 cm, 2026, oil, canvas<\/p>\n\n\n\n<div class=\"wp-block-file\"><a id=\"wp-block-file--media-b43f3bcc-9926-493d-9de0-c31d586da6a9\" href=\"http:\/\/igormoscicki.pl\/wp-content\/uploads\/2026\/02\/ATLAS-1.jpg\">ATLAS<\/a><a href=\"http:\/\/igormoscicki.pl\/wp-content\/uploads\/2026\/02\/ATLAS-1.jpg\" class=\"wp-block-file__button wp-element-button\" download aria-describedby=\"wp-block-file--media-b43f3bcc-9926-493d-9de0-c31d586da6a9\">Pobierz<\/a><\/div>\n\n\n\n<p>Jeste\u015bmy wielk\u0105 infrastruktur\u0105 pozor\u00f3w. Miasta pr\u00f3buj\u0105 gra\u0107 monumenty cywilizacji, a w praktyce rozp\u0142ywaj\u0105 si\u0119 w smogu. Ca\u0142a ta rzekoma pot\u0119ga ko\u0144czy si\u0119 \u015bladem r\u00f3wnie trwa\u0142ym jak smuga na niebie po przelocie chmury.<\/p>\n\n\n\n<p>Jeste\u015bmy funkcj\u0105 \u017cycia: rodzimy si\u0119, rozmna\u017camy, umieramy. Spe\u0142niamy biologiczne obowi\u0105zki, a potem gonimy za celami i osi\u0105gni\u0119ciami, kt\u00f3re sprzedajemy jako trosk\u0119 i opiek\u0119. Nie dlatego, \u017ce to cokolwiek buduje, tylko dlatego, \u017ce chcemy mie\u0107 to na w\u0142asno\u015b\u0107 \u2014 i nie umiemy odpu\u015bci\u0107, \u017ceby kto\u015b inny nie zatroszczy\u0142 si\u0119 o nasze \u201eco\u015b\u201d po swojemu.<\/p>\n\n\n\n<p>Zamiast g\u0142owy \u2014 p\u0142omie\u0144: idziesz, pracujesz, zarabiasz; wszystko ma by\u0107 \u201etwoje\u201d. To nazywamy zaradno\u015bci\u0105. A z czasem p\u0142omie\u0144 si\u0119 wypala \u2014 i nagrod\u0105 bywa cisza w mieszkaniu, zm\u0119czone cia\u0142o, kilka rachunk\u00f3w i \u015bwiadomo\u015b\u0107, \u017ce wi\u0119kszo\u015b\u0107 energii posz\u0142a na podtrzymanie mechanizmu, kt\u00f3ry jutro zmieli kogo\u015b nast\u0119pnego.<\/p>\n\n\n\n<p>L\u0119k i bezsilno\u015b\u0107 to nasza ludzka dekoracja: sta\u0142y element krajobrazu, do kt\u00f3rego zd\u0105\u017cyli\u015bmy przywykn\u0105\u0107.<\/p>\n\n\n\n<p>Jeste\u015b mask\u0105 czy twarz\u0105 \u2014 a mo\u017ce tylko pustym ubraniem? W tym \u015bwiecie wszystko ma by\u0107 \u201erozwojem\u201d, nawet je\u015bli jest tylko kolejn\u0105 drabin\u0105 do wspinania si\u0119 w cudzym tempie, po szczeblach ustawionych przez kogo\u015b innego.<\/p>\n\n\n\n\n\n<p>Odgrywamy swoje role: pracowity, konkretny, przyzwoity \u2014 a i tak sprowadza si\u0119 nas do kogo\u015b, kogo trzeba poprawia\u0107, dociska\u0107, doci\u0105ga\u0107. I zostaje ta my\u015bl, \u017ce efekt ko\u0144cowy bywa \u017cenuj\u0105co ma\u0142y: po ca\u0142ym \u017cyciu d\u017awigania w\u0142asnych \u201eplanet\u201d zostaje ulotna smuga \u2014 czasem tabliczka, czasem pomnik, a czasem nic.<\/p>\n\n\n\n<p><\/p>\n<\/div><\/div>\n\n\n\n<div class=\"wp-block-media-text is-stacked-on-mobile\"><figure class=\"wp-block-media-text__media\"><img loading=\"lazy\" decoding=\"async\" width=\"700\" height=\"1024\" src=\"http:\/\/igormoscicki.pl\/wp-content\/uploads\/2026\/02\/Dandelion-is-bloo-4-700x1024.jpg\" alt=\"\" class=\"wp-image-347 size-full\" srcset=\"https:\/\/igormoscicki.pl\/wp-content\/uploads\/2026\/02\/Dandelion-is-bloo-4-700x1024.jpg 700w, https:\/\/igormoscicki.pl\/wp-content\/uploads\/2026\/02\/Dandelion-is-bloo-4-205x300.jpg 205w, https:\/\/igormoscicki.pl\/wp-content\/uploads\/2026\/02\/Dandelion-is-bloo-4-768x1124.jpg 768w, https:\/\/igormoscicki.pl\/wp-content\/uploads\/2026\/02\/Dandelion-is-bloo-4-1050x1536.jpg 1050w, https:\/\/igormoscicki.pl\/wp-content\/uploads\/2026\/02\/Dandelion-is-bloo-4-1400x2048.jpg 1400w, https:\/\/igormoscicki.pl\/wp-content\/uploads\/2026\/02\/Dandelion-is-bloo-4-scaled.jpg 1750w\" sizes=\"auto, (max-width: 700px) 100vw, 700px\" \/><\/figure><div class=\"wp-block-media-text__content\">\n<p>Dandelion is bloo\u2026\/ 100 x 70 cm\/ 2024\/ oil, canvas<\/p>\n\n\n\n<div class=\"wp-block-file\"><a id=\"wp-block-file--media-7bf8704b-cd7b-4da1-9983-7c030d4586a4\" href=\"http:\/\/igormoscicki.pl\/wp-content\/uploads\/2026\/02\/Dandelion-is-bloo-4-scaled.jpg\">Dandelion is bloo<\/a><a href=\"http:\/\/igormoscicki.pl\/wp-content\/uploads\/2026\/02\/Dandelion-is-bloo-4-scaled.jpg\" class=\"wp-block-file__button wp-element-button\" download aria-describedby=\"wp-block-file--media-7bf8704b-cd7b-4da1-9983-7c030d4586a4\">Pobierz<\/a><\/div>\n\n\n\n<p>No comments &#8230;<\/p>\n<\/div><\/div>\n","protected":false},"excerpt":{"rendered":"","protected":false},"author":1,"featured_media":0,"parent":0,"menu_order":0,"comment_status":"closed","ping_status":"closed","template":"","meta":{"footnotes":""},"class_list":["post-285","page","type-page","status-publish","hentry"],"_links":{"self":[{"href":"https:\/\/igormoscicki.pl\/index.php?rest_route=\/wp\/v2\/pages\/285","targetHints":{"allow":["GET"]}}],"collection":[{"href":"https:\/\/igormoscicki.pl\/index.php?rest_route=\/wp\/v2\/pages"}],"about":[{"href":"https:\/\/igormoscicki.pl\/index.php?rest_route=\/wp\/v2\/types\/page"}],"author":[{"embeddable":true,"href":"https:\/\/igormoscicki.pl\/index.php?rest_route=\/wp\/v2\/users\/1"}],"replies":[{"embeddable":true,"href":"https:\/\/igormoscicki.pl\/index.php?rest_route=%2Fwp%2Fv2%2Fcomments&post=285"}],"version-history":[{"count":29,"href":"https:\/\/igormoscicki.pl\/index.php?rest_route=\/wp\/v2\/pages\/285\/revisions"}],"predecessor-version":[{"id":358,"href":"https:\/\/igormoscicki.pl\/index.php?rest_route=\/wp\/v2\/pages\/285\/revisions\/358"}],"wp:attachment":[{"href":"https:\/\/igormoscicki.pl\/index.php?rest_route=%2Fwp%2Fv2%2Fmedia&parent=285"}],"curies":[{"name":"wp","href":"https:\/\/api.w.org\/{rel}","templated":true}]}}